{"id":199,"date":"2024-04-05T03:35:17","date_gmt":"2024-04-05T01:35:17","guid":{"rendered":"https:\/\/celestial.forjadores.online\/?page_id=199"},"modified":"2024-04-22T16:24:36","modified_gmt":"2024-04-22T14:24:36","slug":"quienes-somos","status":"publish","type":"page","link":"https:\/\/celestiatalent.forjador.online\/index.php\/quienes-somos\/","title":{"rendered":"Quienes somos"},"content":{"rendered":"\t\t<div data-elementor-type=\"wp-page\" data-elementor-id=\"199\" class=\"elementor elementor-199\" data-elementor-post-type=\"page\">\n\t\t\t\t<div class=\"elementor-element elementor-element-2a5c907 e-con-full e-flex wpr-particle-no wpr-jarallax-no wpr-parallax-no wpr-sticky-section-no e-con e-parent\" data-id=\"2a5c907\" data-element_type=\"container\" data-settings=\"{&quot;background_background&quot;:&quot;classic&quot;}\">\n\t\t<div class=\"elementor-element elementor-element-3ff7786 e-con-full e-flex wpr-particle-no wpr-jarallax-no wpr-parallax-no wpr-sticky-section-no e-con e-child\" data-id=\"3ff7786\" data-element_type=\"container\" data-settings=\"{&quot;background_background&quot;:&quot;classic&quot;}\">\n\t\t\t\t<div class=\"elementor-element elementor-element-0e0dac3 elementor-widget elementor-widget-image\" data-id=\"0e0dac3\" data-element_type=\"widget\" data-widget_type=\"image.default\">\n\t\t\t\t<div class=\"elementor-widget-container\">\n\t\t\t\t\t\t\t\t\t\t\t\t\t\t\t<img fetchpriority=\"high\" decoding=\"async\" width=\"292\" height=\"287\" src=\"https:\/\/celestiatalent.forjador.online\/wp-content\/uploads\/2024\/03\/Recurso-grafico-1.svg\" class=\"attachment-large size-large wp-image-62\" alt=\"\" \/>\t\t\t\t\t\t\t\t\t\t\t\t\t\t\t<\/div>\n\t\t\t\t<\/div>\n\t\t\t\t<\/div>\n\t\t<div class=\"elementor-element elementor-element-8d9ed35 e-con-full e-flex wpr-particle-no wpr-jarallax-no wpr-parallax-no wpr-sticky-section-no e-con e-child\" data-id=\"8d9ed35\" data-element_type=\"container\">\n\t\t\t\t<div class=\"elementor-element elementor-element-93453ba elementor-widget elementor-widget-image\" data-id=\"93453ba\" data-element_type=\"widget\" data-widget_type=\"image.default\">\n\t\t\t\t<div class=\"elementor-widget-container\">\n\t\t\t\t\t\t\t\t\t\t\t\t\t\t\t<img decoding=\"async\" width=\"684\" height=\"436\" src=\"https:\/\/celestiatalent.forjador.online\/wp-content\/uploads\/2024\/04\/celestial-logo-s3.webp\" class=\"attachment-large size-large wp-image-201\" alt=\"\" srcset=\"https:\/\/celestiatalent.forjador.online\/wp-content\/uploads\/2024\/04\/celestial-logo-s3.webp 684w, https:\/\/celestiatalent.forjador.online\/wp-content\/uploads\/2024\/04\/celestial-logo-s3-300x191.webp 300w\" sizes=\"(max-width: 684px) 100vw, 684px\" \/>\t\t\t\t\t\t\t\t\t\t\t\t\t\t\t<\/div>\n\t\t\t\t<\/div>\n\t\t\t\t<\/div>\n\t\t\t\t<\/div>\n\t\t<div class=\"elementor-element elementor-element-418fef5 e-con-full e-flex wpr-particle-no wpr-jarallax-no wpr-parallax-no wpr-sticky-section-no e-con e-parent\" data-id=\"418fef5\" data-element_type=\"container\">\n\t\t<div class=\"elementor-element elementor-element-8c5bb28 e-flex e-con-boxed wpr-particle-no wpr-jarallax-no wpr-parallax-no wpr-sticky-section-no e-con e-child\" data-id=\"8c5bb28\" data-element_type=\"container\">\n\t\t\t\t\t<div class=\"e-con-inner\">\n\t\t\t\t<div class=\"elementor-element elementor-element-3cd1fa6 elementor-widget elementor-widget-image\" data-id=\"3cd1fa6\" data-element_type=\"widget\" data-widget_type=\"image.default\">\n\t\t\t\t<div class=\"elementor-widget-container\">\n\t\t\t\t\t\t\t\t\t\t\t\t\t\t\t<img decoding=\"async\" width=\"188\" height=\"188\" src=\"https:\/\/celestiatalent.forjador.online\/wp-content\/uploads\/2024\/04\/img-20.webp\" class=\"attachment-large size-large wp-image-206\" alt=\"\" srcset=\"https:\/\/celestiatalent.forjador.online\/wp-content\/uploads\/2024\/04\/img-20.webp 188w, https:\/\/celestiatalent.forjador.online\/wp-content\/uploads\/2024\/04\/img-20-150x150.webp 150w\" sizes=\"(max-width: 188px) 100vw, 188px\" \/>\t\t\t\t\t\t\t\t\t\t\t\t\t\t\t<\/div>\n\t\t\t\t<\/div>\n\t\t\t\t<div class=\"elementor-element elementor-element-9b96f86 elementor-widget elementor-widget-heading\" data-id=\"9b96f86\" data-element_type=\"widget\" data-widget_type=\"heading.default\">\n\t\t\t\t<div class=\"elementor-widget-container\">\n\t\t\t\t\t<h3 class=\"elementor-heading-title elementor-size-default\">MISI\u00d3N<\/h3>\t\t\t\t<\/div>\n\t\t\t\t<\/div>\n\t\t\t\t<div class=\"elementor-element elementor-element-4df22eb elementor-widget elementor-widget-text-editor\" data-id=\"4df22eb\" data-element_type=\"widget\" data-widget_type=\"text-editor.default\">\n\t\t\t\t<div class=\"elementor-widget-container\">\n\t\t\t\t\t\t\t\t\t<p>Conectar de manera eficiente y efectiva a talentos profesionales latinoamericanos con empresas en Estados Unidos, impulsando su crecimiento y \u00e9xito mutuo.<\/p>\t\t\t\t\t\t\t\t<\/div>\n\t\t\t\t<\/div>\n\t\t\t\t\t<\/div>\n\t\t\t\t<\/div>\n\t\t<div class=\"elementor-element elementor-element-cc61706 e-flex e-con-boxed wpr-particle-no wpr-jarallax-no wpr-parallax-no wpr-sticky-section-no e-con e-child\" data-id=\"cc61706\" data-element_type=\"container\">\n\t\t\t\t\t<div class=\"e-con-inner\">\n\t\t\t\t<div class=\"elementor-element elementor-element-f9109dc elementor-widget elementor-widget-image\" data-id=\"f9109dc\" data-element_type=\"widget\" data-widget_type=\"image.default\">\n\t\t\t\t<div class=\"elementor-widget-container\">\n\t\t\t\t\t\t\t\t\t\t\t\t\t\t\t<img loading=\"lazy\" decoding=\"async\" width=\"188\" height=\"188\" src=\"https:\/\/celestiatalent.forjador.online\/wp-content\/uploads\/2024\/04\/img-21.webp\" class=\"attachment-large size-large wp-image-204\" alt=\"\" srcset=\"https:\/\/celestiatalent.forjador.online\/wp-content\/uploads\/2024\/04\/img-21.webp 188w, https:\/\/celestiatalent.forjador.online\/wp-content\/uploads\/2024\/04\/img-21-150x150.webp 150w\" sizes=\"(max-width: 188px) 100vw, 188px\" \/>\t\t\t\t\t\t\t\t\t\t\t\t\t\t\t<\/div>\n\t\t\t\t<\/div>\n\t\t\t\t<div class=\"elementor-element elementor-element-a4cb07b elementor-widget elementor-widget-heading\" data-id=\"a4cb07b\" data-element_type=\"widget\" data-widget_type=\"heading.default\">\n\t\t\t\t<div class=\"elementor-widget-container\">\n\t\t\t\t\t<h3 class=\"elementor-heading-title elementor-size-default\">VISI\u00d3N<\/h3>\t\t\t\t<\/div>\n\t\t\t\t<\/div>\n\t\t\t\t<div class=\"elementor-element elementor-element-30b8397 elementor-widget elementor-widget-text-editor\" data-id=\"30b8397\" data-element_type=\"widget\" data-widget_type=\"text-editor.default\">\n\t\t\t\t<div class=\"elementor-widget-container\">\n\t\t\t\t\t\t\t\t\t<p>Aspiramos a ser reconocidos por el compromiso en la b\u00fasqueda de talentos y ser referentes en el mercado adapt\u00e1ndonos constantemente a las necesidades cambiantes del mundo laboral.<\/p>\t\t\t\t\t\t\t\t<\/div>\n\t\t\t\t<\/div>\n\t\t\t\t\t<\/div>\n\t\t\t\t<\/div>\n\t\t<div class=\"elementor-element elementor-element-5f57031 e-flex e-con-boxed wpr-particle-no wpr-jarallax-no wpr-parallax-no wpr-sticky-section-no e-con e-child\" data-id=\"5f57031\" data-element_type=\"container\">\n\t\t\t\t\t<div class=\"e-con-inner\">\n\t\t\t\t<div class=\"elementor-element elementor-element-62f1fe2 elementor-widget elementor-widget-image\" data-id=\"62f1fe2\" data-element_type=\"widget\" data-widget_type=\"image.default\">\n\t\t\t\t<div class=\"elementor-widget-container\">\n\t\t\t\t\t\t\t\t\t\t\t\t\t\t\t<img loading=\"lazy\" decoding=\"async\" width=\"188\" height=\"188\" src=\"https:\/\/celestiatalent.forjador.online\/wp-content\/uploads\/2024\/04\/img-22.webp\" class=\"attachment-large size-large wp-image-205\" alt=\"\" srcset=\"https:\/\/celestiatalent.forjador.online\/wp-content\/uploads\/2024\/04\/img-22.webp 188w, https:\/\/celestiatalent.forjador.online\/wp-content\/uploads\/2024\/04\/img-22-150x150.webp 150w\" sizes=\"(max-width: 188px) 100vw, 188px\" \/>\t\t\t\t\t\t\t\t\t\t\t\t\t\t\t<\/div>\n\t\t\t\t<\/div>\n\t\t\t\t<div class=\"elementor-element elementor-element-ca58415 elementor-widget elementor-widget-heading\" data-id=\"ca58415\" data-element_type=\"widget\" data-widget_type=\"heading.default\">\n\t\t\t\t<div class=\"elementor-widget-container\">\n\t\t\t\t\t<h3 class=\"elementor-heading-title elementor-size-default\">VALORES<\/h3>\t\t\t\t<\/div>\n\t\t\t\t<\/div>\n\t\t\t\t<div class=\"elementor-element elementor-element-0b57f51 elementor-widget elementor-widget-text-editor\" data-id=\"0b57f51\" data-element_type=\"widget\" data-widget_type=\"text-editor.default\">\n\t\t\t\t<div class=\"elementor-widget-container\">\n\t\t\t\t\t\t\t\t\t<p>\u2022 Innovaci\u00f3n global<br \/>\u2022 Integridad y transparencia<br \/>\u2022 Compromiso<br \/>\u2022 Colaboraci\u00f3n remota<br \/>\u2022 Impacto social<br \/>\u2022 Adaptabilidad y agilidad<br \/>\u2022 Excelencia en el servicio<\/p>\t\t\t\t\t\t\t\t<\/div>\n\t\t\t\t<\/div>\n\t\t\t\t\t<\/div>\n\t\t\t\t<\/div>\n\t\t\t\t<\/div>\n\t\t<div class=\"elementor-element elementor-element-b227fa2 e-con-full e-flex wpr-particle-no wpr-jarallax-no wpr-parallax-no wpr-sticky-section-no e-con e-parent\" data-id=\"b227fa2\" data-element_type=\"container\" data-settings=\"{&quot;background_background&quot;:&quot;classic&quot;}\">\n\t\t\t\t<div class=\"elementor-element elementor-element-ede3913 elementor-widget elementor-widget-heading\" data-id=\"ede3913\" data-element_type=\"widget\" data-widget_type=\"heading.default\">\n\t\t\t\t<div class=\"elementor-widget-container\">\n\t\t\t\t\t<h2 class=\"elementor-heading-title elementor-size-default\">Nuestro equipo<\/h2>\t\t\t\t<\/div>\n\t\t\t\t<\/div>\n\t\t<div class=\"elementor-element elementor-element-c5f3471 e-con-full e-flex wpr-particle-no wpr-jarallax-no wpr-parallax-no wpr-sticky-section-no e-con e-child\" data-id=\"c5f3471\" data-element_type=\"container\">\n\t\t<div class=\"elementor-element elementor-element-1489656 e-flex e-con-boxed wpr-particle-no wpr-jarallax-no wpr-parallax-no wpr-sticky-section-no e-con e-child\" data-id=\"1489656\" data-element_type=\"container\">\n\t\t\t\t\t<div class=\"e-con-inner\">\n\t\t\t\t<div class=\"elementor-element elementor-element-cd35d03 elementor-widget elementor-widget-image\" data-id=\"cd35d03\" data-element_type=\"widget\" data-widget_type=\"image.default\">\n\t\t\t\t<div class=\"elementor-widget-container\">\n\t\t\t\t\t\t\t\t\t\t\t\t\t\t\t<img loading=\"lazy\" decoding=\"async\" width=\"757\" height=\"1024\" src=\"https:\/\/celestiatalent.forjador.online\/wp-content\/uploads\/2024\/04\/Edu2.0-757x1024.webp\" class=\"attachment-large size-large wp-image-967\" alt=\"\" srcset=\"https:\/\/celestiatalent.forjador.online\/wp-content\/uploads\/2024\/04\/Edu2.0-757x1024.webp 757w, https:\/\/celestiatalent.forjador.online\/wp-content\/uploads\/2024\/04\/Edu2.0-222x300.webp 222w, https:\/\/celestiatalent.forjador.online\/wp-content\/uploads\/2024\/04\/Edu2.0-768x1039.webp 768w, https:\/\/celestiatalent.forjador.online\/wp-content\/uploads\/2024\/04\/Edu2.0.webp 960w\" sizes=\"(max-width: 757px) 100vw, 757px\" \/>\t\t\t\t\t\t\t\t\t\t\t\t\t\t\t<\/div>\n\t\t\t\t<\/div>\n\t\t\t\t<div class=\"elementor-element elementor-element-720d5f5 elementor-widget elementor-widget-heading\" data-id=\"720d5f5\" data-element_type=\"widget\" data-widget_type=\"heading.default\">\n\t\t\t\t<div class=\"elementor-widget-container\">\n\t\t\t\t\t<h3 class=\"elementor-heading-title elementor-size-default\">Eduardo Palacios<\/h3>\t\t\t\t<\/div>\n\t\t\t\t<\/div>\n\t\t\t\t<div class=\"elementor-element elementor-element-ae451eb elementor-widget elementor-widget-heading\" data-id=\"ae451eb\" data-element_type=\"widget\" data-widget_type=\"heading.default\">\n\t\t\t\t<div class=\"elementor-widget-container\">\n\t\t\t\t\t<p class=\"elementor-heading-title elementor-size-default\">CEO y Fundador<\/p>\t\t\t\t<\/div>\n\t\t\t\t<\/div>\n\t\t\t\t<div class=\"elementor-element elementor-element-d249dcd elementor-widget elementor-widget-text-editor\" data-id=\"d249dcd\" data-element_type=\"widget\" data-widget_type=\"text-editor.default\">\n\t\t\t\t<div class=\"elementor-widget-container\">\n\t\t\t\t\t\t\t\t\t<p>S\u00e9 cu\u00e1les son las dificultades que enfrentan las empresas al contratar y retener el talento adecuado. Gracias a mi experiencia como programador web y administrador de empresas, comprend\u00ed que los procesos tradicionales de reclutamiento ya no son suficientes en un mercado laboral cada vez m\u00e1s competitivo y cambiante. Tengo un esp\u00edritu emprendedor e innovador innato, es por ello que decid\u00ed abordar este desaf\u00edo desde un enfoque disruptivo, aprovechando mi experiencia t\u00e9cnica, desarroll\u00e9 plataformas online de vanguardia que permiten a los reclutadores acceder a bases de datos extensas de candidatos preseleccionados en funci\u00f3n de los perfiles espec\u00edficos que buscan, reduciendo dr\u00e1sticamente los tiempos y costos operativos involucrados<\/p>\t\t\t\t\t\t\t\t<\/div>\n\t\t\t\t<\/div>\n\t\t\t\t\t<\/div>\n\t\t\t\t<\/div>\n\t\t<div class=\"elementor-element elementor-element-a7b6440 e-flex e-con-boxed wpr-particle-no wpr-jarallax-no wpr-parallax-no wpr-sticky-section-no e-con e-child\" data-id=\"a7b6440\" data-element_type=\"container\">\n\t\t\t\t\t<div class=\"e-con-inner\">\n\t\t\t\t<div class=\"elementor-element elementor-element-835db1e elementor-widget elementor-widget-image\" data-id=\"835db1e\" data-element_type=\"widget\" data-widget_type=\"image.default\">\n\t\t\t\t<div class=\"elementor-widget-container\">\n\t\t\t\t\t\t\t\t\t\t\t\t\t\t\t<img loading=\"lazy\" decoding=\"async\" width=\"768\" height=\"1024\" src=\"https:\/\/celestiatalent.forjador.online\/wp-content\/uploads\/2024\/04\/Valentina-768x1024.png\" class=\"attachment-large size-large wp-image-937\" alt=\"\" srcset=\"https:\/\/celestiatalent.forjador.online\/wp-content\/uploads\/2024\/04\/Valentina-768x1024.png 768w, https:\/\/celestiatalent.forjador.online\/wp-content\/uploads\/2024\/04\/Valentina-225x300.png 225w, https:\/\/celestiatalent.forjador.online\/wp-content\/uploads\/2024\/04\/Valentina.png 960w\" sizes=\"(max-width: 768px) 100vw, 768px\" \/>\t\t\t\t\t\t\t\t\t\t\t\t\t\t\t<\/div>\n\t\t\t\t<\/div>\n\t\t\t\t<div class=\"elementor-element elementor-element-2c3ab81 elementor-widget elementor-widget-heading\" data-id=\"2c3ab81\" data-element_type=\"widget\" data-widget_type=\"heading.default\">\n\t\t\t\t<div class=\"elementor-widget-container\">\n\t\t\t\t\t<h3 class=\"elementor-heading-title elementor-size-default\">Valentina Leguizam\u00f3n<\/h3>\t\t\t\t<\/div>\n\t\t\t\t<\/div>\n\t\t\t\t<div class=\"elementor-element elementor-element-256db6f elementor-widget elementor-widget-heading\" data-id=\"256db6f\" data-element_type=\"widget\" data-widget_type=\"heading.default\">\n\t\t\t\t<div class=\"elementor-widget-container\">\n\t\t\t\t\t<p class=\"elementor-heading-title elementor-size-default\">Co-founder y Jefa Recursos humanos<\/p>\t\t\t\t<\/div>\n\t\t\t\t<\/div>\n\t\t\t\t<div class=\"elementor-element elementor-element-a090141 elementor-widget elementor-widget-text-editor\" data-id=\"a090141\" data-element_type=\"widget\" data-widget_type=\"text-editor.default\">\n\t\t\t\t<div class=\"elementor-widget-container\">\n\t\t\t\t\t\t\t\t\t<p>Mi verdadera pasi\u00f3n es brindar oportunidades laborales dignas que permitan a los talentos argentinos brillar. Con m\u00e1s de 6 a\u00f1os de experiencia en Recursos Humanos, una Licenciatura en Psicolog\u00eda y un Terciario en Administraci\u00f3n de Empresas, he podido comprender a fondo los desaf\u00edos y necesidades que enfrentan los profesionales de mi pa\u00eds. Mi experiencia me ha permitido ser parte, como invitada, de podcasts de recursos humanos y soy una de las pocas expertas en contribuir a conferencias de reclutamiento remoto en Estados Unidos. Soy una persona proactiva, emp\u00e1tica y apasionada por el deporte. Como jugadora profesional de voley, tengo un esp\u00edritu sumamente competitivo y una mentalidad de nunca dar nada por perdido hasta el \u00faltimo momento. Esta misma determinaci\u00f3n por ganar, la traslado al \u00e1mbito laboral. Mi misi\u00f3n es ser ese puente que los impulse hacia nuevos horizontes laborales, abriendo puertas que antes parec\u00edan inalcanzables.<\/p>\t\t\t\t\t\t\t\t<\/div>\n\t\t\t\t<\/div>\n\t\t\t\t\t<\/div>\n\t\t\t\t<\/div>\n\t\t<div class=\"elementor-element elementor-element-69bf21c e-flex e-con-boxed wpr-particle-no wpr-jarallax-no wpr-parallax-no wpr-sticky-section-no e-con e-child\" data-id=\"69bf21c\" data-element_type=\"container\">\n\t\t\t\t\t<div class=\"e-con-inner\">\n\t\t\t\t<div class=\"elementor-element elementor-element-888fa28 elementor-widget elementor-widget-image\" data-id=\"888fa28\" data-element_type=\"widget\" data-widget_type=\"image.default\">\n\t\t\t\t<div class=\"elementor-widget-container\">\n\t\t\t\t\t\t\t\t\t\t\t\t\t\t\t<img loading=\"lazy\" decoding=\"async\" width=\"768\" height=\"1024\" src=\"https:\/\/celestiatalent.forjador.online\/wp-content\/uploads\/2024\/04\/Pamela-768x1024.png\" class=\"attachment-large size-large wp-image-936\" alt=\"\" srcset=\"https:\/\/celestiatalent.forjador.online\/wp-content\/uploads\/2024\/04\/Pamela-768x1024.png 768w, https:\/\/celestiatalent.forjador.online\/wp-content\/uploads\/2024\/04\/Pamela-225x300.png 225w, https:\/\/celestiatalent.forjador.online\/wp-content\/uploads\/2024\/04\/Pamela.png 960w\" sizes=\"(max-width: 768px) 100vw, 768px\" \/>\t\t\t\t\t\t\t\t\t\t\t\t\t\t\t<\/div>\n\t\t\t\t<\/div>\n\t\t\t\t<div class=\"elementor-element elementor-element-67aa430 elementor-widget elementor-widget-heading\" data-id=\"67aa430\" data-element_type=\"widget\" data-widget_type=\"heading.default\">\n\t\t\t\t<div class=\"elementor-widget-container\">\n\t\t\t\t\t<h3 class=\"elementor-heading-title elementor-size-default\">Pamela Cogliati<\/h3>\t\t\t\t<\/div>\n\t\t\t\t<\/div>\n\t\t\t\t<div class=\"elementor-element elementor-element-cb3f72c elementor-widget elementor-widget-heading\" data-id=\"cb3f72c\" data-element_type=\"widget\" data-widget_type=\"heading.default\">\n\t\t\t\t<div class=\"elementor-widget-container\">\n\t\t\t\t\t<p class=\"elementor-heading-title elementor-size-default\">Recruiter Manager<\/p>\t\t\t\t<\/div>\n\t\t\t\t<\/div>\n\t\t\t\t<div class=\"elementor-element elementor-element-e55d9c1 elementor-widget elementor-widget-text-editor\" data-id=\"e55d9c1\" data-element_type=\"widget\" data-widget_type=\"text-editor.default\">\n\t\t\t\t<div class=\"elementor-widget-container\">\n\t\t\t\t\t\t\t\t\t<p>Tengo una s\u00f3lida trayectoria en reclutamiento y selecci\u00f3n. Estoy especializada en la industria de tecnolog\u00eda de la informaci\u00f3n, he ocupado diversos roles, desde recibir solicitudes y realizar entrevistas de selecci\u00f3n hasta llenar puestos en \u00e1reas como ciberseguridad, salud y m\u00e1s. Soy biling\u00fce y poseo un profundo entendimiento de las necesidades del mercado laboral actual, estoy comprometida a ofrecer soluciones innovadoras para enfrentar los desaf\u00edos de contratar y retener talento en un entorno altamente competitivo y en constante evoluci\u00f3n. Me considero una persona con enfoque proactivo y orientado a resultados.<\/p>\t\t\t\t\t\t\t\t<\/div>\n\t\t\t\t<\/div>\n\t\t\t\t\t<\/div>\n\t\t\t\t<\/div>\n\t\t\t\t<\/div>\n\t\t\t\t<\/div>\n\t\t\t\t<\/div>\n\t\t","protected":false},"excerpt":{"rendered":"<p>MISI\u00d3N Conectar de manera eficiente y efectiva a talentos profesionales latinoamericanos con empresas en Estados Unidos, impulsando su crecimiento y \u00e9xito mutuo. VISI\u00d3N Aspiramos a ser reconocidos por el compromiso en la b\u00fasqueda de talentos y ser referentes en el mercado adapt\u00e1ndonos constantemente a las necesidades cambiantes del mundo laboral. VALORES \u2022 Innovaci\u00f3n global\u2022 Integridad y transparencia\u2022 Compromiso\u2022 Colaboraci\u00f3n remota\u2022 Impacto social\u2022 Adaptabilidad y agilidad\u2022 Excelencia en el servicio Nuestro equipo Eduardo Palacios CEO y Fundador S\u00e9 cu\u00e1les son las dificultades que enfrentan las empresas al contratar y retener el talento adecuado. Gracias a mi experiencia como programador web y administrador de empresas, comprend\u00ed que los procesos tradicionales de reclutamiento ya no son suficientes en un mercado laboral cada vez m\u00e1s competitivo y cambiante. Tengo un esp\u00edritu emprendedor e innovador innato, es por ello que decid\u00ed abordar este desaf\u00edo desde un enfoque disruptivo, aprovechando mi experiencia t\u00e9cnica, desarroll\u00e9 plataformas online de vanguardia que permiten a los reclutadores acceder a bases de datos extensas de candidatos preseleccionados en funci\u00f3n de los perfiles espec\u00edficos que buscan, reduciendo dr\u00e1sticamente los tiempos y costos operativos involucrados Valentina Leguizam\u00f3n Co-founder y Jefa Recursos humanos Mi verdadera pasi\u00f3n es brindar oportunidades laborales dignas que permitan a los talentos argentinos brillar. Con m\u00e1s de 6 a\u00f1os de experiencia en Recursos Humanos, una Licenciatura en Psicolog\u00eda y un Terciario en Administraci\u00f3n de Empresas, he podido comprender a fondo los desaf\u00edos y necesidades que enfrentan los profesionales de mi pa\u00eds. Mi experiencia me ha permitido ser parte, como invitada, de podcasts de recursos humanos y soy una de las pocas expertas en contribuir a conferencias de reclutamiento remoto en Estados Unidos. Soy una persona proactiva, emp\u00e1tica y apasionada por el deporte. Como jugadora profesional de voley, tengo un esp\u00edritu sumamente competitivo y una mentalidad de nunca dar nada por perdido hasta el \u00faltimo momento. Esta misma determinaci\u00f3n por ganar, la traslado al \u00e1mbito laboral. Mi misi\u00f3n es ser ese puente que los impulse hacia nuevos horizontes laborales, abriendo puertas que antes parec\u00edan inalcanzables. Pamela Cogliati Recruiter Manager Tengo una s\u00f3lida trayectoria en reclutamiento y selecci\u00f3n. Estoy especializada en la industria de tecnolog\u00eda de la informaci\u00f3n, he ocupado diversos roles, desde recibir solicitudes y realizar entrevistas de selecci\u00f3n hasta llenar puestos en \u00e1reas como ciberseguridad, salud y m\u00e1s. Soy biling\u00fce y poseo un profundo entendimiento de las necesidades del mercado laboral actual, estoy comprometida a ofrecer soluciones innovadoras para enfrentar los desaf\u00edos de contratar y retener talento en un entorno altamente competitivo y en constante evoluci\u00f3n. Me considero una persona con enfoque proactivo y orientado a resultados.<\/p>\n","protected":false},"author":1,"featured_media":0,"parent":0,"menu_order":0,"comment_status":"closed","ping_status":"closed","template":"elementor_header_footer","meta":{"footnotes":""},"_links":{"self":[{"href":"https:\/\/celestiatalent.forjador.online\/index.php\/wp-json\/wp\/v2\/pages\/199"}],"collection":[{"href":"https:\/\/celestiatalent.forjador.online\/index.php\/wp-json\/wp\/v2\/pages"}],"about":[{"href":"https:\/\/celestiatalent.forjador.online\/index.php\/wp-json\/wp\/v2\/types\/page"}],"author":[{"embeddable":true,"href":"https:\/\/celestiatalent.forjador.online\/index.php\/wp-json\/wp\/v2\/users\/1"}],"replies":[{"embeddable":true,"href":"https:\/\/celestiatalent.forjador.online\/index.php\/wp-json\/wp\/v2\/comments?post=199"}],"version-history":[{"count":31,"href":"https:\/\/celestiatalent.forjador.online\/index.php\/wp-json\/wp\/v2\/pages\/199\/revisions"}],"predecessor-version":[{"id":1018,"href":"https:\/\/celestiatalent.forjador.online\/index.php\/wp-json\/wp\/v2\/pages\/199\/revisions\/1018"}],"wp:attachment":[{"href":"https:\/\/celestiatalent.forjador.online\/index.php\/wp-json\/wp\/v2\/media?parent=199"}],"curies":[{"name":"wp","href":"https:\/\/api.w.org\/{rel}","templated":true}]}}