{"id":806,"date":"2024-04-09T03:38:15","date_gmt":"2024-04-09T01:38:15","guid":{"rendered":"https:\/\/celestial.forjadores.online\/?page_id=806"},"modified":"2024-04-09T16:04:07","modified_gmt":"2024-04-09T14:04:07","slug":"politica-de-privacidad-es","status":"publish","type":"page","link":"https:\/\/celestiatalent.forjador.online\/index.php\/politica-de-privacidad-es\/","title":{"rendered":"Pol\u00edtica de privacidad-es"},"content":{"rendered":"\t\t<div data-elementor-type=\"wp-page\" data-elementor-id=\"806\" class=\"elementor elementor-806\" data-elementor-post-type=\"page\">\n\t\t\t\t<div class=\"elementor-element elementor-element-6fed6fb5 e-flex e-con-boxed wpr-particle-no wpr-jarallax-no wpr-parallax-no wpr-sticky-section-no e-con e-parent\" data-id=\"6fed6fb5\" data-element_type=\"container\" data-settings=\"{&quot;background_background&quot;:&quot;classic&quot;}\">\n\t\t\t\t\t<div class=\"e-con-inner\">\n\t\t\t\t<div class=\"elementor-element elementor-element-2997f8f elementor-widget elementor-widget-heading\" data-id=\"2997f8f\" data-element_type=\"widget\" data-widget_type=\"heading.default\">\n\t\t\t\t<div class=\"elementor-widget-container\">\n\t\t\t\t\t<h2 class=\"elementor-heading-title elementor-size-default\">T\u00c9RMINOS Y CONDICIONES<\/h2>\t\t\t\t<\/div>\n\t\t\t\t<\/div>\n\t\t\t\t<div class=\"elementor-element elementor-element-eb54079 elementor-widget elementor-widget-text-editor\" data-id=\"eb54079\" data-element_type=\"widget\" data-widget_type=\"text-editor.default\">\n\t\t\t\t<div class=\"elementor-widget-container\">\n\t\t\t\t\t\t\t\t\t<p>1. Aplicabilidad<\/p>\t\t\t\t\t\t\t\t<\/div>\n\t\t\t\t<\/div>\n\t\t\t\t<div class=\"elementor-element elementor-element-1df3c9b elementor-widget elementor-widget-text-editor\" data-id=\"1df3c9b\" data-element_type=\"widget\" data-widget_type=\"text-editor.default\">\n\t\t\t\t<div class=\"elementor-widget-container\">\n\t\t\t\t\t\t\t\t\t<p>Estos T\u00e9rminos y Condiciones Generales (&#8220;T\u00e9rminos&#8221;) rigen la relaci\u00f3n entre CelestiaTalent (&#8220;Celestia&#8221;) y el Cliente para la provisi\u00f3n de servicios de contratistas independientes. Los T\u00e9rminos junto con la Confirmaci\u00f3n de Pedido adjunta forman el acuerdo completo. En caso de conflicto, la Confirmaci\u00f3n de Pedido prevalece solo para el alcance de ese pedido.<\/p>\t\t\t\t\t\t\t\t<\/div>\n\t\t\t\t<\/div>\n\t\t\t\t<div class=\"elementor-element elementor-element-42cf073 elementor-widget elementor-widget-text-editor\" data-id=\"42cf073\" data-element_type=\"widget\" data-widget_type=\"text-editor.default\">\n\t\t\t\t<div class=\"elementor-widget-container\">\n\t\t\t\t\t\t\t\t\t<p>2. Servicios<\/p>\t\t\t\t\t\t\t\t<\/div>\n\t\t\t\t<\/div>\n\t\t\t\t<div class=\"elementor-element elementor-element-941356d elementor-widget elementor-widget-text-editor\" data-id=\"941356d\" data-element_type=\"widget\" data-widget_type=\"text-editor.default\">\n\t\t\t\t<div class=\"elementor-widget-container\">\n\t\t\t\t\t\t\t\t\t<p>(a) Celestia seleccionar\u00e1 contratistas independientes (&#8220;Contratistas&#8221;) para proporcionar servicios al Cliente (&#8220;Servicios&#8221;). Las habilidades y responsabilidades requeridas del Contratista ser\u00e1n especificadas por el Cliente (&#8220;Especificaciones&#8221;).<\/p><p>(b) Los Contratistas son contratados por Celestia pero proporcionan Servicios bajo la gu\u00eda y supervisi\u00f3n del Cliente (&#8220;Trabajo del Cliente&#8221;). &#8220;Servicios&#8221; se refiere solo a los esfuerzos de selecci\u00f3n de Celestia.<\/p><p>(c) Cada Contratista tiene un per\u00edodo de prueba inicial de 90 d\u00edas, despu\u00e9s del cual el Cliente debe aprobarlos expl\u00edcitamente o ser\u00e1n terminados.<\/p>\t\t\t\t\t\t\t\t<\/div>\n\t\t\t\t<\/div>\n\t\t\t\t<div class=\"elementor-element elementor-element-8d515c6 elementor-widget elementor-widget-text-editor\" data-id=\"8d515c6\" data-element_type=\"widget\" data-widget_type=\"text-editor.default\">\n\t\t\t\t<div class=\"elementor-widget-container\">\n\t\t\t\t\t\t\t\t\t<p>3. Obligaciones de Celestia<\/p>\t\t\t\t\t\t\t\t<\/div>\n\t\t\t\t<\/div>\n\t\t\t\t<div class=\"elementor-element elementor-element-c898b98 elementor-widget elementor-widget-text-editor\" data-id=\"c898b98\" data-element_type=\"widget\" data-widget_type=\"text-editor.default\">\n\t\t\t\t<div class=\"elementor-widget-container\">\n\t\t\t\t\t\t\t\t\t<p>Celestia:<\/p>\t\t\t\t\t\t\t\t<\/div>\n\t\t\t\t<\/div>\n\t\t\t\t<div class=\"elementor-element elementor-element-e7164ce elementor-widget elementor-widget-text-editor\" data-id=\"e7164ce\" data-element_type=\"widget\" data-widget_type=\"text-editor.default\">\n\t\t\t\t<div class=\"elementor-widget-container\">\n\t\t\t\t\t\t\t\t\t<p>(a) Seleccionar\u00e1 Contratistas que coincidan con las especificaciones del Cliente.<\/p><p>(b) Gestionar\u00e1 la contrataci\u00f3n, incorporaci\u00f3n y desvinculaci\u00f3n.<\/p><p>(c) Ser\u00e1 el principal punto de contacto del Cliente.<\/p>\t\t\t\t\t\t\t\t<\/div>\n\t\t\t\t<\/div>\n\t\t\t\t<div class=\"elementor-element elementor-element-8e3c66d elementor-widget elementor-widget-text-editor\" data-id=\"8e3c66d\" data-element_type=\"widget\" data-widget_type=\"text-editor.default\">\n\t\t\t\t<div class=\"elementor-widget-container\">\n\t\t\t\t\t\t\t\t\t<p>4. Obligaciones del Cliente<\/p>\t\t\t\t\t\t\t\t<\/div>\n\t\t\t\t<\/div>\n\t\t\t\t<div class=\"elementor-element elementor-element-8c704bb elementor-widget elementor-widget-text-editor\" data-id=\"8c704bb\" data-element_type=\"widget\" data-widget_type=\"text-editor.default\">\n\t\t\t\t<div class=\"elementor-widget-container\">\n\t\t\t\t\t\t\t\t\t<p>El Cliente:<\/p>\t\t\t\t\t\t\t\t<\/div>\n\t\t\t\t<\/div>\n\t\t\t\t<div class=\"elementor-element elementor-element-aa5575e elementor-widget elementor-widget-text-editor\" data-id=\"aa5575e\" data-element_type=\"widget\" data-widget_type=\"text-editor.default\">\n\t\t\t\t<div class=\"elementor-widget-container\">\n\t\t\t\t\t\t\t\t\t<p>(a) Proporcionar\u00e1 Especificaciones para los Contratistas requeridos.}<\/p><p>(b) Gu\u00eda, capacita y supervisa a los Contratistas que realizan el Trabajo del Cliente.<\/p><p>(c) Proporcionar\u00e1 cualquier acceso, herramientas o materiales necesarios para el Trabajo del Cliente.<\/p><p>(d) Pagar\u00e1n Tarifas y Gastos seg\u00fan este Acuerdo.<\/p><p>(e) Cumplir\u00e1 con todas las leyes aplicables<\/p>\t\t\t\t\t\t\t\t<\/div>\n\t\t\t\t<\/div>\n\t\t\t\t<div class=\"elementor-element elementor-element-d822c8d elementor-widget elementor-widget-text-editor\" data-id=\"d822c8d\" data-element_type=\"widget\" data-widget_type=\"text-editor.default\">\n\t\t\t\t<div class=\"elementor-widget-container\">\n\t\t\t\t\t\t\t\t\t<p>5. Tarifas, Gastos y T\u00e9rminos de Pago<\/p>\t\t\t\t\t\t\t\t<\/div>\n\t\t\t\t<\/div>\n\t\t\t\t<div class=\"elementor-element elementor-element-5810f36 elementor-widget elementor-widget-text-editor\" data-id=\"5810f36\" data-element_type=\"widget\" data-widget_type=\"text-editor.default\">\n\t\t\t\t<div class=\"elementor-widget-container\">\n\t\t\t\t\t\t\t\t\t<p>(a) El Cliente pagar\u00e1 una tarifa de colocaci\u00f3n de $799 al inicio y al final de cada compromiso, junto con las tarifas de los Contratistas seg\u00fan la factura.<\/p><p>(b) Los gastos pre aprobados se facturar\u00e1 al costo + 10% de recargo.<\/p><p>(c) Las facturas vencen en los pr\u00f3ximos 7 d\u00edas. Los pagos atrasados incurren en una tarifa mensual de $100 USD.<\/p><p>(d) Celestia puede terminar por falta de pago despu\u00e9s de un aviso de 30 d\u00edas.<\/p>\t\t\t\t\t\t\t\t<\/div>\n\t\t\t\t<\/div>\n\t\t\t\t<div class=\"elementor-element elementor-element-af1409e elementor-widget elementor-widget-text-editor\" data-id=\"af1409e\" data-element_type=\"widget\" data-widget_type=\"text-editor.default\">\n\t\t\t\t<div class=\"elementor-widget-container\">\n\t\t\t\t\t\t\t\t\t<p>6. Propiedad Intelectual y Confidencialidad<\/p>\t\t\t\t\t\t\t\t<\/div>\n\t\t\t\t<\/div>\n\t\t\t\t<div class=\"elementor-element elementor-element-3a6cc24 elementor-widget elementor-widget-text-editor\" data-id=\"3a6cc24\" data-element_type=\"widget\" data-widget_type=\"text-editor.default\">\n\t\t\t\t<div class=\"elementor-widget-container\">\n\t\t\t\t\t\t\t\t\t<p>(a) El Cliente es propietario de toda la propiedad intelectual creada a trav\u00e9s del Trabajo del Cliente.<\/p><p>(b) Ambas partes proteger\u00e1n la informaci\u00f3n confidencial de la otra.<\/p>\t\t\t\t\t\t\t\t<\/div>\n\t\t\t\t<\/div>\n\t\t\t\t<div class=\"elementor-element elementor-element-10eec90 elementor-widget elementor-widget-text-editor\" data-id=\"10eec90\" data-element_type=\"widget\" data-widget_type=\"text-editor.default\">\n\t\t\t\t<div class=\"elementor-widget-container\">\n\t\t\t\t\t\t\t\t\t<p>7. Renuncia de Garant\u00eda<\/p>\t\t\t\t\t\t\t\t<\/div>\n\t\t\t\t<\/div>\n\t\t\t\t<div class=\"elementor-element elementor-element-8c6da2a elementor-widget elementor-widget-text-editor\" data-id=\"8c6da2a\" data-element_type=\"widget\" data-widget_type=\"text-editor.default\">\n\t\t\t\t<div class=\"elementor-widget-container\">\n\t\t\t\t\t\t\t\t\t<p>Los Servicios y los Contratistas se proporcionan &#8220;tal cual&#8221;. Celestia renuncia a todas las garant\u00edas expresas o impl\u00edcitas<\/p>\t\t\t\t\t\t\t\t<\/div>\n\t\t\t\t<\/div>\n\t\t\t\t<div class=\"elementor-element elementor-element-a80dce1 elementor-widget elementor-widget-text-editor\" data-id=\"a80dce1\" data-element_type=\"widget\" data-widget_type=\"text-editor.default\">\n\t\t\t\t<div class=\"elementor-widget-container\">\n\t\t\t\t\t\t\t\t\t<p>8. Limitaci\u00f3n de Responsabilidad<\/p>\t\t\t\t\t\t\t\t<\/div>\n\t\t\t\t<\/div>\n\t\t\t\t<div class=\"elementor-element elementor-element-864d68a elementor-widget elementor-widget-text-editor\" data-id=\"864d68a\" data-element_type=\"widget\" data-widget_type=\"text-editor.default\">\n\t\t\t\t<div class=\"elementor-widget-container\">\n\t\t\t\t\t\t\t\t\t<p>Ninguna de las partes ser\u00e1 responsable de da\u00f1os indirectos, incidentales o consecuentes. La responsabilidad total de Celestia est\u00e1 limitada a las tarifas pagadas bajo la Confirmaci\u00f3n de Pedido.<\/p>\t\t\t\t\t\t\t\t<\/div>\n\t\t\t\t<\/div>\n\t\t\t\t<div class=\"elementor-element elementor-element-253233f elementor-widget elementor-widget-text-editor\" data-id=\"253233f\" data-element_type=\"widget\" data-widget_type=\"text-editor.default\">\n\t\t\t\t<div class=\"elementor-widget-container\">\n\t\t\t\t\t\t\t\t\t<p>9. Indemnizaci\u00f3n<\/p>\t\t\t\t\t\t\t\t<\/div>\n\t\t\t\t<\/div>\n\t\t\t\t<div class=\"elementor-element elementor-element-05e20c3 elementor-widget elementor-widget-text-editor\" data-id=\"05e20c3\" data-element_type=\"widget\" data-widget_type=\"text-editor.default\">\n\t\t\t\t<div class=\"elementor-widget-container\">\n\t\t\t\t\t\t\t\t\t<p>El Cliente defender\u00e1 e indemnizar\u00e1 a Celestia contra reclamos de terceros derivados de:<\/p><p>(a) Incumplimiento del Cliente;<\/p><p>(b) Violaciones legales de Materiales o Trabajo del Cliente.<\/p><p>(c) Falta de cumplimiento del Trabajo del Cliente con las leyes de accesibilidad.<\/p>\t\t\t\t\t\t\t\t<\/div>\n\t\t\t\t<\/div>\n\t\t\t\t<div class=\"elementor-element elementor-element-5c42a1f elementor-widget elementor-widget-text-editor\" data-id=\"5c42a1f\" data-element_type=\"widget\" data-widget_type=\"text-editor.default\">\n\t\t\t\t<div class=\"elementor-widget-container\">\n\t\t\t\t\t\t\t\t\t<p>10. Terminaci\u00f3n<\/p>\t\t\t\t\t\t\t\t<\/div>\n\t\t\t\t<\/div>\n\t\t\t\t<div class=\"elementor-element elementor-element-d21094d elementor-widget elementor-widget-text-editor\" data-id=\"d21094d\" data-element_type=\"widget\" data-widget_type=\"text-editor.default\">\n\t\t\t\t<div class=\"elementor-widget-container\">\n\t\t\t\t\t\t\t\t\t<p>(a) Cualquiera de las partes puede terminar sin causa con un aviso de 95 d\u00edas.<\/p><p>(b) Cualquiera de las partes puede terminar por incumplimiento material no corregido con un aviso de 30 d\u00edas.<\/p>\t\t\t\t\t\t\t\t<\/div>\n\t\t\t\t<\/div>\n\t\t\t\t<div class=\"elementor-element elementor-element-7ce672e elementor-widget elementor-widget-text-editor\" data-id=\"7ce672e\" data-element_type=\"widget\" data-widget_type=\"text-editor.default\">\n\t\t\t\t<div class=\"elementor-widget-container\">\n\t\t\t\t\t\t\t\t\t<p>11. Asignaci\u00f3n<\/p>\t\t\t\t\t\t\t\t<\/div>\n\t\t\t\t<\/div>\n\t\t\t\t<div class=\"elementor-element elementor-element-78cb125 elementor-widget elementor-widget-text-editor\" data-id=\"78cb125\" data-element_type=\"widget\" data-widget_type=\"text-editor.default\">\n\t\t\t\t<div class=\"elementor-widget-container\">\n\t\t\t\t\t\t\t\t\t<p>Los Clientes no pueden asignar este Acuerdo sin consentimiento.<\/p>\t\t\t\t\t\t\t\t<\/div>\n\t\t\t\t<\/div>\n\t\t\t\t<div class=\"elementor-element elementor-element-43798cd elementor-widget elementor-widget-text-editor\" data-id=\"43798cd\" data-element_type=\"widget\" data-widget_type=\"text-editor.default\">\n\t\t\t\t<div class=\"elementor-widget-container\">\n\t\t\t\t\t\t\t\t\t<p>12. Contratistas Independientes<\/p>\t\t\t\t\t\t\t\t<\/div>\n\t\t\t\t<\/div>\n\t\t\t\t<div class=\"elementor-element elementor-element-029dc24 elementor-widget elementor-widget-text-editor\" data-id=\"029dc24\" data-element_type=\"widget\" data-widget_type=\"text-editor.default\">\n\t\t\t\t<div class=\"elementor-widget-container\">\n\t\t\t\t\t\t\t\t\t<p>Las partes son contratistas independientes. Los Contratistas son exclusivamente contratistas de Celestia.<\/p>\t\t\t\t\t\t\t\t<\/div>\n\t\t\t\t<\/div>\n\t\t\t\t<div class=\"elementor-element elementor-element-ed5e5e6 elementor-widget elementor-widget-text-editor\" data-id=\"ed5e5e6\" data-element_type=\"widget\" data-widget_type=\"text-editor.default\">\n\t\t\t\t<div class=\"elementor-widget-container\">\n\t\t\t\t\t\t\t\t\t<p>13. Ley Aplicable<\/p>\t\t\t\t\t\t\t\t<\/div>\n\t\t\t\t<\/div>\n\t\t\t\t<div class=\"elementor-element elementor-element-56ee76b elementor-widget elementor-widget-text-editor\" data-id=\"56ee76b\" data-element_type=\"widget\" data-widget_type=\"text-editor.default\">\n\t\t\t\t<div class=\"elementor-widget-container\">\n\t\t\t\t\t\t\t\t\t<p>La ley de Wyoming rige este Acuerdo. Los tribunales federales y estatales ubicados en Wyoming tienen jurisdicci\u00f3n exclusiva.<\/p>\t\t\t\t\t\t\t\t<\/div>\n\t\t\t\t<\/div>\n\t\t\t\t\t<\/div>\n\t\t\t\t<\/div>\n\t\t\t\t<\/div>\n\t\t","protected":false},"excerpt":{"rendered":"<p>T\u00c9RMINOS Y CONDICIONES 1. Aplicabilidad Estos T\u00e9rminos y Condiciones Generales (&#8220;T\u00e9rminos&#8221;) rigen la relaci\u00f3n entre CelestiaTalent (&#8220;Celestia&#8221;) y el Cliente para la provisi\u00f3n de servicios de contratistas independientes. Los T\u00e9rminos junto con la Confirmaci\u00f3n de Pedido adjunta forman el acuerdo completo. En caso de conflicto, la Confirmaci\u00f3n de Pedido prevalece solo para el alcance de ese pedido. 2. Servicios (a) Celestia seleccionar\u00e1 contratistas independientes (&#8220;Contratistas&#8221;) para proporcionar servicios al Cliente (&#8220;Servicios&#8221;). Las habilidades y responsabilidades requeridas del Contratista ser\u00e1n especificadas por el Cliente (&#8220;Especificaciones&#8221;). (b) Los Contratistas son contratados por Celestia pero proporcionan Servicios bajo la gu\u00eda y supervisi\u00f3n del Cliente (&#8220;Trabajo del Cliente&#8221;). &#8220;Servicios&#8221; se refiere solo a los esfuerzos de selecci\u00f3n de Celestia. (c) Cada Contratista tiene un per\u00edodo de prueba inicial de 90 d\u00edas, despu\u00e9s del cual el Cliente debe aprobarlos expl\u00edcitamente o ser\u00e1n terminados. 3. Obligaciones de Celestia Celestia: (a) Seleccionar\u00e1 Contratistas que coincidan con las especificaciones del Cliente. (b) Gestionar\u00e1 la contrataci\u00f3n, incorporaci\u00f3n y desvinculaci\u00f3n. (c) Ser\u00e1 el principal punto de contacto del Cliente. 4. Obligaciones del Cliente El Cliente: (a) Proporcionar\u00e1 Especificaciones para los Contratistas requeridos.} (b) Gu\u00eda, capacita y supervisa a los Contratistas que realizan el Trabajo del Cliente. (c) Proporcionar\u00e1 cualquier acceso, herramientas o materiales necesarios para el Trabajo del Cliente. (d) Pagar\u00e1n Tarifas y Gastos seg\u00fan este Acuerdo. (e) Cumplir\u00e1 con todas las leyes aplicables 5. Tarifas, Gastos y T\u00e9rminos de Pago (a) El Cliente pagar\u00e1 una tarifa de colocaci\u00f3n de $799 al inicio y al final de cada compromiso, junto con las tarifas de los Contratistas seg\u00fan la factura. (b) Los gastos pre aprobados se facturar\u00e1 al costo + 10% de recargo. (c) Las facturas vencen en los pr\u00f3ximos 7 d\u00edas. Los pagos atrasados incurren en una tarifa mensual de $100 USD. (d) Celestia puede terminar por falta de pago despu\u00e9s de un aviso de 30 d\u00edas. 6. Propiedad Intelectual y Confidencialidad (a) El Cliente es propietario de toda la propiedad intelectual creada a trav\u00e9s del Trabajo del Cliente. (b) Ambas partes proteger\u00e1n la informaci\u00f3n confidencial de la otra. 7. Renuncia de Garant\u00eda Los Servicios y los Contratistas se proporcionan &#8220;tal cual&#8221;. Celestia renuncia a todas las garant\u00edas expresas o impl\u00edcitas 8. Limitaci\u00f3n de Responsabilidad Ninguna de las partes ser\u00e1 responsable de da\u00f1os indirectos, incidentales o consecuentes. La responsabilidad total de Celestia est\u00e1 limitada a las tarifas pagadas bajo la Confirmaci\u00f3n de Pedido. 9. Indemnizaci\u00f3n El Cliente defender\u00e1 e indemnizar\u00e1 a Celestia contra reclamos de terceros derivados de: (a) Incumplimiento del Cliente; (b) Violaciones legales de Materiales o Trabajo del Cliente. (c) Falta de cumplimiento del Trabajo del Cliente con las leyes de accesibilidad. 10. Terminaci\u00f3n (a) Cualquiera de las partes puede terminar sin causa con un aviso de 95 d\u00edas. (b) Cualquiera de las partes puede terminar por incumplimiento material no corregido con un aviso de 30 d\u00edas. 11. Asignaci\u00f3n Los Clientes no pueden asignar este Acuerdo sin consentimiento. 12. Contratistas Independientes Las partes son contratistas independientes. Los Contratistas son exclusivamente contratistas de Celestia. 13. Ley Aplicable La ley de Wyoming rige este Acuerdo. Los tribunales federales y estatales ubicados en Wyoming tienen jurisdicci\u00f3n exclusiva.<\/p>\n","protected":false},"author":1,"featured_media":0,"parent":0,"menu_order":0,"comment_status":"closed","ping_status":"closed","template":"","meta":{"footnotes":""},"_links":{"self":[{"href":"https:\/\/celestiatalent.forjador.online\/index.php\/wp-json\/wp\/v2\/pages\/806"}],"collection":[{"href":"https:\/\/celestiatalent.forjador.online\/index.php\/wp-json\/wp\/v2\/pages"}],"about":[{"href":"https:\/\/celestiatalent.forjador.online\/index.php\/wp-json\/wp\/v2\/types\/page"}],"author":[{"embeddable":true,"href":"https:\/\/celestiatalent.forjador.online\/index.php\/wp-json\/wp\/v2\/users\/1"}],"replies":[{"embeddable":true,"href":"https:\/\/celestiatalent.forjador.online\/index.php\/wp-json\/wp\/v2\/comments?post=806"}],"version-history":[{"count":4,"href":"https:\/\/celestiatalent.forjador.online\/index.php\/wp-json\/wp\/v2\/pages\/806\/revisions"}],"predecessor-version":[{"id":841,"href":"https:\/\/celestiatalent.forjador.online\/index.php\/wp-json\/wp\/v2\/pages\/806\/revisions\/841"}],"wp:attachment":[{"href":"https:\/\/celestiatalent.forjador.online\/index.php\/wp-json\/wp\/v2\/media?parent=806"}],"curies":[{"name":"wp","href":"https:\/\/api.w.org\/{rel}","templated":true}]}}